{"id":29662,"date":"2025-07-07T14:48:23","date_gmt":"2025-07-07T12:48:23","guid":{"rendered":"https:\/\/www.lesnautilus.fr\/terms-and-conditions-of-sale\/"},"modified":"2026-04-24T15:51:20","modified_gmt":"2026-04-24T13:51:20","slug":"terms-and-conditions-of-sale","status":"publish","type":"page","link":"https:\/\/www.lesnautilus.fr\/en\/terms-and-conditions-of-sale\/","title":{"rendered":"Terms and conditions of sale"},"content":{"rendered":"\t\t<div data-elementor-type=\"wp-page\" data-elementor-id=\"29662\" class=\"elementor elementor-29662 elementor-22493\" data-elementor-post-type=\"page\">\n\t\t\t\t\t\t<section class=\"elementor-section elementor-top-section elementor-element elementor-element-368ee78a elementor-section-boxed elementor-section-height-default elementor-section-height-default\" data-id=\"368ee78a\" data-element_type=\"section\" data-e-type=\"section\">\n\t\t\t\t\t\t<div class=\"elementor-container elementor-column-gap-default\">\n\t\t\t\t\t<div class=\"elementor-column elementor-col-100 elementor-top-column elementor-element elementor-element-5b14f131\" data-id=\"5b14f131\" data-element_type=\"column\" data-e-type=\"column\">\n\t\t\t<div class=\"elementor-widget-wrap elementor-element-populated\">\n\t\t\t\t\t\t<div class=\"elementor-element elementor-element-111ab060 elementor-widget elementor-widget-text-editor\" data-id=\"111ab060\" data-element_type=\"widget\" data-e-type=\"widget\" data-widget_type=\"text-editor.default\">\n\t\t\t\t\t\t\t\t\t<p> <\/p><h3><strong>TERMS AND CONDITIONS &#8211; LES NAUTILUS<\/strong><\/h3><p><em>Effective as of <\/em><span data-parent=\"411\"><strong><em>10\/12\/2018<\/em><\/strong><\/span><\/p><h4 style=\"text-align: left;\">ARTICLE 1 &#8211; Scope of application<\/h4><p style=\"text-align: left;\">These General Terms and Conditions of Sale (hereinafter referred to as &#8220;GTCS&#8221;) apply, without restriction or reservation, to all purchases of the following services:<\/p><ul><li style=\"text-align: left;\"><span data-parent=\"380\"><strong>Tour of the seabed at \u00eelets Pigeons in Guadeloupe <\/strong><\/span>as offered by the Provider to non-professional customers (&#8220;Customers&#8221;) on the website <strong><em><span data-parent=\"363\">https:\/\/www.lesnautilus.fr<\/span><\/em><\/strong> .<\/li><\/ul><p style=\"text-align: left;\">The main features of the Services are presented on the website <strong><span data-parent=\"363\">https:\/\/www.lesnautilus.fr<\/span><\/strong><\/p><p style=\"text-align: left;\">It is the Customer&#8217;s responsibility to familiarize himself\/herself with these terms and conditions before placing an order. The choice and purchase of a Service is the sole responsibility of the Customer. <\/p><p style=\"text-align: left;\"><span data-child-id=\"486\">These terms and conditions are available at any time on the website <strong><em>https:\/\/www.lesnautilus.fr<\/em><\/strong> and shall prevail over any other document.<\/span><\/p><p style=\"text-align: left;\">The customer declares that he has read and accepted these terms and conditions of sale by ticking the appropriate box before placing an order on the website <strong><em><span data-parent=\"363\">https:\/\/www.lesnautilus.fr<\/span><\/em><\/strong> .<\/p><p style=\"text-align: left;\">In the absence of proof to the contrary, the data recorded in the Service Provider&#8217;s computer system constitutes proof of all transactions concluded with the Customer.<\/p><p style=\"text-align: left;\"><span data-child-id=\"487\">The Service Provider&#8217;s contact details are as follows:<\/span><\/p><p style=\"text-align: left;\"><span data-parent=\"365\"><strong>Exploitation Les Nautilus<\/strong><\/span><strong>SARL unipersonnelle<\/strong><\/p><p style=\"text-align: left;\">Share capital of <strong><span data-parent=\"366\">30000<\/span><\/strong> euros<\/p><p style=\"text-align: left;\">Registered with the RCS of <strong><span data-parent=\"367\">Basse Terre<\/span><\/strong> under number 441 640 539<\/p><p style=\"text-align: left;\"><span data-parent=\"369\"><strong>Plage de Malendure, 97125 Bouillante<\/strong><\/span><\/p><p style=\"text-align: left;\">mail : <strong><span data-parent=\"371\">contact(at)lesnautilus.fr<\/span><\/strong><\/p><p style=\"text-align: left;\">telephone : <strong><span data-parent=\"370\">05909988908<\/span><\/strong><\/p><h4 style=\"text-align: left;\"><span data-section-id=\"21\">ARTICLE 2 &#8211; Prices<\/span><\/h4><p style=\"text-align: left;\">The Services are provided at the rates in force on the site <strong><em><span data-parent=\"363\">https:\/\/www.lesnautilus.fr<\/span><\/em><\/strong> upon registration of the order by the Service Provider.<\/p><p style=\"text-align: left;\">Prices are given in Euros, all taxes included.<\/p><p style=\"text-align: left;\">Prices take into account any discounts offered by the Service Provider on the website <strong><em><span data-parent=\"363\">https:\/\/www.lesnautilus.fr<\/span><\/em><\/strong> .<\/p><p style=\"text-align: left;\">These prices are firm and non-revisable during their period of validity, but the Service Provider reserves the right to modify them at any time outside their period of validity.<\/p><p style=\"text-align: left;\">Prices do not include processing, shipping, transport and delivery costs, which are invoiced in addition, under the conditions indicated on the site and calculated before the order is placed.<\/p><p style=\"text-align: left;\">The payment requested from the Customer corresponds to the total amount of the purchase, including these charges.<\/p><p style=\"text-align: left;\">An invoice is drawn up by the Service Provider and sent to the Customer when the ordered Services are provided.<\/p><h4 style=\"text-align: left;\"><span data-section-id=\"22\">ARTICLE 3 &#8211; Orders<\/span><\/h4><p style=\"text-align: left;\">It is up to the Customer to select on the site <strong><em><span data-parent=\"363\">https:\/\/www.lesnautilus.fr<\/span><\/em><\/strong> the Services they wish to order, as follows:<\/p><p style=\"text-align: left;\"><span data-parent=\"392\"><strong>Reservation for one or more days + information on number of people + information on form + payment on secure platform<\/strong><\/span> .<\/p><p style=\"text-align: left;\">The sale will not be considered valid until full payment has been received. It is the Customer&#8217;s responsibility to check the accuracy of the order and to report any errors immediately. <\/p><p style=\"text-align: left;\">All orders placed on the site <strong><em><span data-parent=\"363\">https:\/\/www.lesnautilus.fr<\/span><\/em><\/strong> <em> <\/em>constitutes the formation of a distance contract between the Customer and the Service Provider.<\/p><p style=\"text-align: left;\">The Service Provider reserves the right to cancel or refuse any order from a Customer with whom there is a dispute relating to the payment of a previous order.<\/p><p style=\"text-align: left;\">The customer can follow the progress of his order on the site.<\/p><h4 style=\"text-align: left;\"><span data-section-id=\"23\">ARTICLE 4 &#8211; Terms of payment<\/span><\/h4><p style=\"text-align: left;\">The price is paid by secure payment as follows:<\/p><ul><li style=\"text-align: left;\"><span data-option-parent=\"516\">payment via Payzen<\/span><\/li><\/ul><p style=\"text-align: left;\"><span data-child-id=\"519\">The price is payable in full by the Customer on the day the order is placed.<\/span><\/p><p style=\"text-align: left;\"><span data-child-id=\"537\">Payment data are exchanged in encrypted mode using the protocol defined by the approved payment service provider for banking transactions carried out on the <strong>https:\/\/www.lesnautilus.fr<\/strong> website.<\/span><\/p><p style=\"text-align: left;\"><span data-child-id=\"539\">Payments made by the Customer will only be considered final once the amounts due have been received by the Service Provider.<\/span><\/p><p style=\"text-align: left;\">The Service Provider shall not be obliged to provide the Services ordered by the Customer if the Customer does not pay the Service Provider the full price in accordance with the above conditions.<\/p><h4 style=\"text-align: left;\"><span data-section-id=\"25\">ARTICLE 5 &#8211; Supply of Services<\/span><\/h4><p style=\"text-align: left;\"><span data-section-id=\"26\">The Services ordered by the Customer will be provided as follows:  <\/span><\/p><p style=\"text-align: left;\"><span data-parent=\"394\"><strong>Seabed tour + swim + slide + solarium + 1 free drink per person.<\/strong><\/span> .<\/p><p style=\"text-align: left;\"><span data-child-id=\"549\">The said Services will be provided within a maximum period of <strong>(date chosen by the customer)<\/strong> from the final validation of the Customer&#8217;s order, under the conditions set out in these GTS at the address indicated by the Customer when placing the order on the <strong>https:\/\/www.lesnautilus.fr<\/strong> website.<\/span><\/p><p style=\"text-align: left;\">The Service Provider undertakes to use its best efforts to provide the Services ordered by the Customer, on a best-efforts basis and within the timeframes specified above. However, these deadlines are given for information only. <\/p><p style=\"text-align: left;\">In the event of a specific request by the Customer concerning the conditions of supply of the Services, duly accepted in writing by the Service Provider, the costs relating thereto will be subject to specific additional invoicing at a later date.<\/p><p style=\"text-align: left;\"><span data-child-id=\"554\">In the absence of reservations or complaints expressly made by the Customer upon receipt of the Services, the latter shall be deemed to be in conformity with the order, in terms of quantity and quality<\/span>.<\/p><h4 style=\"text-align: left;\"><span data-section-id=\"27\">ARTICLE 6 &#8211; Right of withdrawal<\/span><\/h4><p style=\"text-align: left;\"><span data-option-parent=\"557\">Given the nature of the Services provided, orders placed by the Customer do not benefit from the right of withdrawal.<\/span><\/p><p style=\"text-align: left;\">The contract is therefore definitively concluded as soon as the order is placed by the Customer in accordance with the terms and conditions specified in these GCS.<\/p><h4 style=\"text-align: left;\"><span data-section-id=\"29\">ARTICLE 7 &#8211; Personal data<\/span><\/h4><p style=\"text-align: left;\"><span data-option-parent=\"639\">The Customer is hereby informed that the collection of his personal data is necessary for the sale of the Services and their performance and delivery, entrusted to the Service Provider. This personal data is collected solely for the performance of the service contract. <\/span><\/p><p style=\"text-align: left;\"><strong><span data-child-id=\"646\">7.1 Collection of personal data<\/span><\/strong><\/p><p style=\"text-align: left;\">Personal data collected on the site <strong><span data-parent=\"363\">https:\/\/www.lesnautilus.fr<\/span><\/strong> are as follows:<\/p><p style=\"text-align: left;\"><strong>Ordering services :<\/strong><\/p><p style=\"text-align: left;\">When the Customer orders Services :<\/p><ul><li style=\"text-align: left;\"><span data-option-parent=\"647\">Full name, postal address, telephone number and e-mail address.<\/span><\/li><\/ul><p style=\"text-align: left;\"><strong><span data-option-parent=\"649\">Payment<\/span><\/strong><\/p><p style=\"text-align: left;\">Within the framework of the payment of the Services proposed on the site <strong><span data-parent=\"363\">https:\/\/www.lesnautilus.fr<\/span><\/strong> does not record any financial data relating to the Customer&#8217;s bank account or credit card.<\/p><p style=\"text-align: left;\"><strong><span data-child-id=\"650\">7.2 Recipients of personal data<\/span><\/strong><\/p><p style=\"text-align: left;\"><span data-option-parent=\"651\">Personal data is reserved for the sole use of the Service Provider and its employees.<\/span><\/p><p style=\"text-align: left;\"><span data-child-id=\"657\">The data controller is the Service Provider, within the meaning of the French Data Protection Act and, as of May 25, 2018, Regulation 2016\/679 on the protection of personal data.<\/span><\/p><p style=\"text-align: left;\"><strong><span data-child-id=\"664\">7.3 limitation of processing<\/span><\/strong><\/p><p style=\"text-align: left;\">Limitation of Processing Unless the Customer expressly consents (by checking the box), their personal data will not be used for advertising or marketing purposes. The Service Provider uses the collected data solely for the purposes of managing reservations, issuing e-tickets, and ensuring safety on board the vessels. <\/p><p style=\"text-align: left;\"><strong>7.4 Data retention period<\/strong><\/p><p data-path-to-node=\"4,1\">Le Prestataire conserve les donn\u00e9es recueillies pour les dur\u00e9es strictement n\u00e9cessaires aux finalit\u00e9s du traitement :<\/p><ul data-path-to-node=\"4,2\"><li><p data-path-to-node=\"4,2,0,0\">Accounting records: 10 years (legal requirement).<\/p><\/li><li><p data-path-to-node=\"4,2,1,0\">Accounts receivable: 3 years after the last transaction.<\/p><\/li><li><p data-path-to-node=\"4,2,2,0\">Uncompleted reservations: Automatically deleted within 7 to 15 days. For more details, customers are invited to review the website\u2019s Privacy Policy. <\/p><\/li><\/ul><p style=\"text-align: left;\"><strong>7.5 Security and confidentiality<\/strong><\/p><p style=\"text-align: left;\">The Service Provider implements organizational, technical, software and physical digital security measures to protect personal data against alteration, destruction and unauthorized access. However, the Internet is not a completely secure environment, and the Service Provider cannot guarantee the security of data transmission or storage over the Internet. <\/p><p style=\"text-align: left;\"><strong>7.6 Implementation of customer and user rights<\/strong><\/p><p style=\"text-align: left;\">In application of the regulations applicable to personal data, Customers and users of the site <strong><span data-parent=\"363\">https:\/\/www.lesnautilus.fr<\/span><\/strong> have the following rights:<\/p><ul><li style=\"text-align: left;\">They can update or delete their data in the following ways: <strong>by post or by email<\/strong>.<\/li><li style=\"text-align: left;\">They may delete their account by writing to the e-mail address indicated in article 9.3 &#8220;Data controller&#8221;.<\/li><\/ul><ul><li style=\"text-align: left;\">They may exercise their right of access to their personal data by writing to the address indicated in article 9.3 &#8220;Data controller&#8221;.<\/li><\/ul><ul><li style=\"text-align: left;\">If the personal data held by the Service Provider is inaccurate, they may request that the information be updated by writing to the address indicated in article 9.3 &#8220;Data controller&#8221;.<\/li><\/ul><ul><li style=\"text-align: left;\">They may request the deletion of their personal data, in accordance with applicable data protection laws, by writing to the address indicated in article 9.3 &#8220;Data controller&#8221;.<\/li><\/ul><ul><li style=\"text-align: left;\">They may also request the portability of data held by the Service Provider to another service provider.<\/li><\/ul><ul><li style=\"text-align: left;\">Finally, they may object to the processing of their data by the Service Provider.<\/li><\/ul><p style=\"text-align: left;\">These rights, provided they do not conflict with the purpose of the processing, may be exercised by sending a request by post or e-mail to the Data Controller whose contact details are given above.<\/p><p style=\"text-align: left;\">The data controller must respond within one month.<\/p><p style=\"text-align: left;\">Any refusal to grant the Customer&#8217;s request must be justified.<\/p><p style=\"text-align: left;\">Customers are informed that in the event of refusal, they may lodge a complaint with the CNIL (3 place de Fontenoy, 75007 PARIS) or refer the matter to a judicial authority.<\/p><p style=\"text-align: left;\">The Customer may be asked to tick a box by which he\/she agrees to receive informative and advertising e-mails from the Service Provider. Customers may withdraw their consent at any time by contacting the Service Provider (see contact details above) or by following the unsubscribe link. <\/p><h4 style=\"text-align: left;\"><span data-section-id=\"30\">ARTICLE 8 &#8211; Intellectual property<\/span><\/h4><p style=\"text-align: left;\">Site content <strong><span data-parent=\"363\">https:\/\/www.lesnautilus.fr<\/span><\/strong> is the property of the Seller and its partners and is protected by French and international intellectual property laws.<\/p><p style=\"text-align: left;\">Any total or partial reproduction of this content is strictly prohibited and may constitute an infringement of copyright.<\/p><h4 style=\"text-align: left;\">ARTICLE 9 &#8211; Applicable law &#8211; Language<\/h4><p style=\"text-align: left;\">These General Terms and Conditions of Sale and the transactions arising from them are governed by and subject to French law.<\/p><p style=\"text-align: left;\">These terms and conditions are written in French. Should they be translated into one or more foreign languages, only the French text will be deemed authentic in the event of a dispute. <\/p><h4 style=\"text-align: left;\"><span data-child-id=\"580\">ARTICLE 10 &#8211; Disputes<\/span><\/h4><p style=\"text-align: left;\">For any complaint, please contact customer service at the postal or e-mail address of the Service Provider indicated in ARTICLE 1 of these GTC.<\/p>\t\t\t\t\t\t\t\t<\/div>\n\t\t\t\t\t<\/div>\n\t\t<\/div>\n\t\t\t\t\t<\/div>\n\t\t<\/section>\n\t\t\t\t<\/div>\n\t\t","protected":false},"excerpt":{"rendered":"<p>TERMS AND CONDITIONS &#8211; LES NAUTILUS Effective as of 10\/12\/2018 ARTICLE 1 &#8211; Scope of application These General Terms and Conditions of Sale (hereinafter referred to as &#8220;GTCS&#8221;) apply, without restriction or reservation, to all purchases of the following services: Tour of the seabed at \u00eelets Pigeons in Guadeloupe as offered by the Provider to [&hellip;]<\/p>\n","protected":false},"author":1,"featured_media":0,"parent":0,"menu_order":0,"comment_status":"closed","ping_status":"closed","template":"","meta":{"ocean_post_layout":"","ocean_both_sidebars_style":"","ocean_both_sidebars_content_width":0,"ocean_both_sidebars_sidebars_width":0,"ocean_sidebar":"","ocean_second_sidebar":"","ocean_disable_margins":"enable","ocean_add_body_class":"","ocean_shortcode_before_top_bar":"","ocean_shortcode_after_top_bar":"","ocean_shortcode_before_header":"","ocean_shortcode_after_header":"","ocean_has_shortcode":"","ocean_shortcode_after_title":"","ocean_shortcode_before_footer_widgets":"","ocean_shortcode_after_footer_widgets":"","ocean_shortcode_before_footer_bottom":"","ocean_shortcode_after_footer_bottom":"","ocean_display_top_bar":"default","ocean_display_header":"default","ocean_header_style":"","ocean_center_header_left_menu":"","ocean_custom_header_template":"","ocean_custom_logo":0,"ocean_custom_retina_logo":0,"ocean_custom_logo_max_width":0,"ocean_custom_logo_tablet_max_width":0,"ocean_custom_logo_mobile_max_width":0,"ocean_custom_logo_max_height":0,"ocean_custom_logo_tablet_max_height":0,"ocean_custom_logo_mobile_max_height":0,"ocean_header_custom_menu":"","ocean_menu_typo_font_family":"","ocean_menu_typo_font_subset":"","ocean_menu_typo_font_size":0,"ocean_menu_typo_font_size_tablet":0,"ocean_menu_typo_font_size_mobile":0,"ocean_menu_typo_font_size_unit":"px","ocean_menu_typo_font_weight":"","ocean_menu_typo_font_weight_tablet":"","ocean_menu_typo_font_weight_mobile":"","ocean_menu_typo_transform":"","ocean_menu_typo_transform_tablet":"","ocean_menu_typo_transform_mobile":"","ocean_menu_typo_line_height":0,"ocean_menu_typo_line_height_tablet":0,"ocean_menu_typo_line_height_mobile":0,"ocean_menu_typo_line_height_unit":"","ocean_menu_typo_spacing":0,"ocean_menu_typo_spacing_tablet":0,"ocean_menu_typo_spacing_mobile":0,"ocean_menu_typo_spacing_unit":"","ocean_menu_link_color":"","ocean_menu_link_color_hover":"","ocean_menu_link_color_active":"","ocean_menu_link_background":"","ocean_menu_link_hover_background":"","ocean_menu_link_active_background":"","ocean_menu_social_links_bg":"","ocean_menu_social_hover_links_bg":"","ocean_menu_social_links_color":"","ocean_menu_social_hover_links_color":"","ocean_disable_title":"default","ocean_disable_heading":"default","ocean_post_title":"","ocean_post_subheading":"","ocean_post_title_style":"","ocean_post_title_background_color":"","ocean_post_title_background":0,"ocean_post_title_bg_image_position":"","ocean_post_title_bg_image_attachment":"","ocean_post_title_bg_image_repeat":"","ocean_post_title_bg_image_size":"","ocean_post_title_height":0,"ocean_post_title_bg_overlay":0.5,"ocean_post_title_bg_overlay_color":"","ocean_disable_breadcrumbs":"default","ocean_breadcrumbs_color":"","ocean_breadcrumbs_separator_color":"","ocean_breadcrumbs_links_color":"","ocean_breadcrumbs_links_hover_color":"","ocean_display_footer_widgets":"default","ocean_display_footer_bottom":"default","ocean_custom_footer_template":"","ofc_enable_fullscreen":"disable","ofc_fullscreen_speed":0,"ofc_fullscreen_nav":"enable","ofc_fullscreen_nav_pos":"right","ofc_fullscreen_nav_color":"","ofc_fullscreen_nav_tooltip_color":"","ofc_fullscreen_responsive":0,"osh_disable_topbar_sticky":"default","osh_disable_header_sticky":"default","osh_sticky_header_style":"default","osh_sticky_header_effect":"","osh_custom_sticky_logo":0,"osh_custom_retina_sticky_logo":0,"osh_custom_sticky_logo_height":0,"osh_background_color":"","osh_links_color":"","osh_links_hover_color":"","osh_links_active_color":"","osh_links_bg_color":"","osh_links_hover_bg_color":"","osh_links_active_bg_color":"","osh_menu_social_links_color":"","osh_menu_social_hover_links_color":"","footnotes":""},"class_list":["post-29662","page","type-page","status-publish","hentry","entry","owp-thumbs-layout-horizontal","owp-btn-normal","owp-tabs-layout-horizontal","has-no-thumbnails"],"_links":{"self":[{"href":"https:\/\/www.lesnautilus.fr\/en\/wp-json\/wp\/v2\/pages\/29662","targetHints":{"allow":["GET"]}}],"collection":[{"href":"https:\/\/www.lesnautilus.fr\/en\/wp-json\/wp\/v2\/pages"}],"about":[{"href":"https:\/\/www.lesnautilus.fr\/en\/wp-json\/wp\/v2\/types\/page"}],"author":[{"embeddable":true,"href":"https:\/\/www.lesnautilus.fr\/en\/wp-json\/wp\/v2\/users\/1"}],"replies":[{"embeddable":true,"href":"https:\/\/www.lesnautilus.fr\/en\/wp-json\/wp\/v2\/comments?post=29662"}],"version-history":[{"count":1,"href":"https:\/\/www.lesnautilus.fr\/en\/wp-json\/wp\/v2\/pages\/29662\/revisions"}],"predecessor-version":[{"id":29663,"href":"https:\/\/www.lesnautilus.fr\/en\/wp-json\/wp\/v2\/pages\/29662\/revisions\/29663"}],"wp:attachment":[{"href":"https:\/\/www.lesnautilus.fr\/en\/wp-json\/wp\/v2\/media?parent=29662"}],"curies":[{"name":"wp","href":"https:\/\/api.w.org\/{rel}","templated":true}]}}