{"id":22493,"date":"2025-07-07T14:48:23","date_gmt":"2025-07-07T12:48:23","guid":{"rendered":"https:\/\/www.lesnautilus.fr\/conditions-generales-de-vente\/"},"modified":"2026-04-08T22:14:31","modified_gmt":"2026-04-08T20:14:31","slug":"conditions-generales-de-vente","status":"publish","type":"page","link":"https:\/\/www.lesnautilus.fr\/conditions-generales-de-vente\/","title":{"rendered":"Conditions g\u00e9n\u00e9rales de vente"},"content":{"rendered":"\t\t<div data-elementor-type=\"wp-page\" data-elementor-id=\"22493\" class=\"elementor elementor-22493\" data-elementor-post-type=\"page\">\n\t\t\t\t\t\t<section class=\"elementor-section elementor-top-section elementor-element elementor-element-368ee78a elementor-section-boxed elementor-section-height-default elementor-section-height-default\" data-id=\"368ee78a\" data-element_type=\"section\" data-e-type=\"section\">\n\t\t\t\t\t\t<div class=\"elementor-container elementor-column-gap-default\">\n\t\t\t\t\t<div class=\"elementor-column elementor-col-100 elementor-top-column elementor-element elementor-element-5b14f131\" data-id=\"5b14f131\" data-element_type=\"column\" data-e-type=\"column\">\n\t\t\t<div class=\"elementor-widget-wrap elementor-element-populated\">\n\t\t\t\t\t\t<div class=\"elementor-element elementor-element-111ab060 elementor-widget elementor-widget-text-editor\" data-id=\"111ab060\" data-element_type=\"widget\" data-e-type=\"widget\" data-widget_type=\"text-editor.default\">\n\t\t\t\t\t\t\t\t\t<p>\u00a0<\/p><h3><strong>CONDITIONS GENERALES DE VENTE \u2013 LES NAUTILUS<\/strong><\/h3><p><em>En vigueur au <\/em><span data-parent=\"411\"><strong><em>10\/12\/2018<\/em><\/strong><\/span><\/p><h4 style=\"text-align: left;\">ARTICLE 1 &#8211; Champ d&rsquo;application<\/h4><p style=\"text-align: left;\">Les pr\u00e9sentes Conditions G\u00e9n\u00e9rales de Vente (dites \u00ab\u00a0CGV\u00a0\u00bb) s&rsquo;appliquent, sans restriction ni r\u00e9serve \u00e0 tout achat des services de suivants :<\/p><ul><li style=\"text-align: left;\"><span data-parent=\"380\"><strong>Visite des fonds sous marins des \u00eelets Pigeons en Guadeloupe <\/strong><\/span>tels que propos\u00e9s par le Prestataire aux clients non professionnels (\u00ab\u00a0Les Clients ou le Client\u00a0\u00bb) sur le site <strong><em><span data-parent=\"363\">https:\/\/www.lesnautilus.fr<\/span><\/em><\/strong> .<\/li><\/ul><p style=\"text-align: left;\">Les caract\u00e9ristiques principales des Services\u00a0sont pr\u00e9sent\u00e9es sur le site internet <strong><span data-parent=\"363\">https:\/\/www.lesnautilus.fr<\/span><\/strong><\/p><p style=\"text-align: left;\">Le Client est tenu d&rsquo;en prendre connaissance avant toute passation de commande. Le choix et l&rsquo;achat d&rsquo;un Service est de la seule responsabilit\u00e9 du Client.<\/p><p style=\"text-align: left;\"><span data-child-id=\"486\">Ces CGV sont accessibles \u00e0 tout moment sur le site <strong><em>https:\/\/www.lesnautilus.fr<\/em><\/strong> et pr\u00e9vaudront sur toute autre document.<\/span><\/p><p style=\"text-align: left;\">Le Client d\u00e9clare avoir pris connaissance des pr\u00e9sentes CGV et les avoir accept\u00e9es en cochant la case pr\u00e9vue \u00e0 cet effet avant la mise en \u0153uvre de la proc\u00e9dure de commande en ligne du site <strong><em><span data-parent=\"363\">https:\/\/www.lesnautilus.fr<\/span><\/em><\/strong> .<\/p><p style=\"text-align: left;\">Sauf preuve contraire, les donn\u00e9es enregistr\u00e9es dans le syst\u00e8me informatique du Prestataire constituent la preuve de l&rsquo;ensemble des transactions conclues avec le Client.<\/p><p style=\"text-align: left;\"><span data-child-id=\"487\">Les coordonn\u00e9es du Prestataire sont les suivantes :<\/span><\/p><p style=\"text-align: left;\"><span data-parent=\"365\"><strong>Exploitation Les Nautilus<\/strong><\/span> , <strong>SARL unipersonnelle<\/strong><\/p><p style=\"text-align: left;\">Capital social de <strong><span data-parent=\"366\">30000<\/span><\/strong> euros<\/p><p style=\"text-align: left;\">Immatricul\u00e9 au RCS de <strong><span data-parent=\"367\">Basse Terre<\/span><\/strong> , sous le num\u00e9ro 441\u00a0640\u00a0539<\/p><p style=\"text-align: left;\"><span data-parent=\"369\"><strong>Plage de Malendure, 97125 Bouillante<\/strong><\/span><\/p><p style=\"text-align: left;\">mail : <strong><span data-parent=\"371\">contact(arobase)lesnautilus.fr<\/span><\/strong><\/p><p style=\"text-align: left;\">t\u00e9l\u00e9phone : <strong><span data-parent=\"370\">05909988908<\/span><\/strong><\/p><h4 style=\"text-align: left;\"><span data-section-id=\"21\">ARTICLE 2 &#8211; Prix<\/span><\/h4><p style=\"text-align: left;\">Les Services sont fournis aux tarifs en vigueur figurant sur le site <strong><em><span data-parent=\"363\">https:\/\/www.lesnautilus.fr<\/span><\/em><\/strong> , lors de l&rsquo;enregistrement de la commande par le Prestataire.<\/p><p style=\"text-align: left;\">Les prix sont exprim\u00e9s en Euros, TTC.<\/p><p style=\"text-align: left;\">Les tarifs tiennent compte d&rsquo;\u00e9ventuelles r\u00e9ductions qui seraient consenties par le Prestataire sur le site <strong><em><span data-parent=\"363\">https:\/\/www.lesnautilus.fr<\/span><\/em><\/strong> .<\/p><p style=\"text-align: left;\">Ces tarifs sont fermes et non r\u00e9visables pendant leur p\u00e9riode de validit\u00e9 mais le Prestataire se r\u00e9serve\u00a0le droit, hors p\u00e9riode de validit\u00e9, d\u2019en modifier les prix \u00e0 tout moment.<\/p><p style=\"text-align: left;\">Les prix ne comprennent pas les frais de traitement, d&rsquo;exp\u00e9dition, de transport et de livraison, qui sont factur\u00e9s en suppl\u00e9ment, dans les conditions indiqu\u00e9es sur le site et calcul\u00e9s pr\u00e9alablement \u00e0 la passation de la commande.<\/p><p style=\"text-align: left;\">Le paiement demand\u00e9 au Client correspond au montant total de l&rsquo;achat, y compris ces frais.<\/p><p style=\"text-align: left;\">Une facture est \u00e9tablie par le Prestataire et remise au Client lors de la fourniture des Services command\u00e9s.<\/p><h4 style=\"text-align: left;\"><span data-section-id=\"22\">ARTICLE 3 \u2013 Commandes<\/span><\/h4><p style=\"text-align: left;\">Il appartient au Client de s\u00e9lectionner sur le site <strong><em><span data-parent=\"363\">https:\/\/www.lesnautilus.fr<\/span><\/em><\/strong> les Services qu&rsquo;il d\u00e9sire commander, selon les modalit\u00e9s suivantes :<\/p><p style=\"text-align: left;\"><span data-parent=\"392\"><strong>R\u00e9servation d&rsquo;une ou plusieurs journ\u00e9es + renseignements nombre de personnes + renseignements sur formulaire + paiement sur plateforme s\u00e9curis\u00e9e<\/strong><\/span>\u00a0.<\/p><p style=\"text-align: left;\">La vente ne sera consid\u00e9r\u00e9e comme valide qu\u2019apr\u00e8s paiement int\u00e9gral du prix. Il appartient au Client de v\u00e9rifier l&rsquo;exactitude de la commande et de signaler imm\u00e9diatement toute erreur.<\/p><p style=\"text-align: left;\">Toute commande pass\u00e9e sur le site <strong><em><span data-parent=\"363\">https:\/\/www.lesnautilus.fr<\/span><\/em><\/strong> <em>\u00a0<\/em>constitue la formation d&rsquo;un contrat conclu \u00e0 distance entre le Client et le Prestataire.<\/p><p style=\"text-align: left;\">Le Prestataire se r\u00e9serve le droit d&rsquo;annuler ou de refuser toute commande d&rsquo;un Client avec lequel il existerait un litige relatif au paiement d&rsquo;une commande ant\u00e9rieure.<\/p><p style=\"text-align: left;\">Le Client pourra suivre l&rsquo;\u00e9volution de sa commande sur le site.<\/p><h4 style=\"text-align: left;\"><span data-section-id=\"23\">ARTICLE 4 &#8211; Conditions de paiement<\/span><\/h4><p style=\"text-align: left;\">Le prix est pay\u00e9 par voie de paiement s\u00e9curis\u00e9, selon les modalit\u00e9s suivantes :<\/p><ul><li style=\"text-align: left;\"><span data-option-parent=\"516\">paiement par site externe Payzen<\/span><\/li><\/ul><p style=\"text-align: left;\"><span data-child-id=\"519\">Le prix est payable comptant par le Client, en totalit\u00e9 au jour de la passation de la commande.<\/span><\/p><p style=\"text-align: left;\"><span data-child-id=\"537\">Les donn\u00e9es de paiement sont sont \u00e9chang\u00e9es en mode crypt\u00e9 gr\u00e2ce au protocole d\u00e9fini par le prestataire de paiement agr\u00e9\u00e9 intervenant pour les transactions bancaires r\u00e9alis\u00e9es sur le site <strong>https:\/\/www.lesnautilus.fr<\/strong><\/span><\/p><p style=\"text-align: left;\"><span data-child-id=\"539\">Les paiements effectu\u00e9s par le Client ne seront consid\u00e9r\u00e9s comme d\u00e9finitifs qu&rsquo;apr\u00e8s encaissement effectif des sommes dues, par le Prestataire.<\/span><\/p><p style=\"text-align: left;\">Le Prestataire ne sera pas tenu de proc\u00e9der \u00e0 la fourniture des Services command\u00e9s par le Client si celui-ci ne lui en paye pas le prix en totalit\u00e9 dans les conditions ci-dessus indiqu\u00e9es.<\/p><h4 style=\"text-align: left;\"><span data-section-id=\"25\">ARTICLE 5 &#8211; Fourniture des Prestations<\/span><\/h4><p style=\"text-align: left;\"><span data-section-id=\"26\">Les Services command\u00e9s par le Client seront fournis selon les modalit\u00e9s suivantes :\u00a0<\/span><\/p><p style=\"text-align: left;\"><span data-parent=\"394\"><strong>Visite des fonds marins +baignade + toboggan + solarium + 1 boisson gratuite par personne.<\/strong><\/span> .<\/p><p style=\"text-align: left;\"><span data-child-id=\"549\">Les dits Services seront fournis dans un d\u00e9lai maximum de <strong>(date choisie par le client)<\/strong> \u00e0 compter de la validation d\u00e9finitive de la commande du Client, dans les conditions pr\u00e9vues aux pr\u00e9sentes CGV \u00e0 l&rsquo;adresse indiqu\u00e9e par le Client lors de sa commande sur le site <strong>https:\/\/www.lesnautilus.fr<\/strong><\/span><\/p><p style=\"text-align: left;\">Le Prestataire s&rsquo;engage \u00e0 faire ses meilleurs efforts pour fournir les Services command\u00e9s par le Client, dans le cadre d&rsquo;une obligation de moyen et dans les d\u00e9lais ci-dessus pr\u00e9cis\u00e9s. Toutefois, ces d\u00e9lais sont communiqu\u00e9s \u00e0 titre indicatif.<\/p><p style=\"text-align: left;\">En cas de demande particuli\u00e8re du Client concernant les conditions de fourniture des Services, d\u00fbment accept\u00e9es par \u00e9crit par le Prestataire, les co\u00fbts y \u00e9tant li\u00e9s feront l&rsquo;objet d&rsquo;une facturation sp\u00e9cifique compl\u00e9mentaire ult\u00e9rieure.<\/p><p style=\"text-align: left;\"><span data-child-id=\"554\">A d\u00e9faut de r\u00e9serves ou r\u00e9clamations express\u00e9ment \u00e9mises par le Client lors de la r\u00e9ception des Services, ceux-ci seront r\u00e9put\u00e9s conformes \u00e0 la commande, en quantit\u00e9 et qualit\u00e9<\/span>.<\/p><h4 style=\"text-align: left;\"><span data-section-id=\"27\">ARTICLE 6 &#8211; Droit de r\u00e9tractation<\/span><\/h4><p style=\"text-align: left;\"><span data-option-parent=\"557\">Compte tenu de la nature des Services fournis, les commandes pass\u00e9es par le Client ne b\u00e9n\u00e9ficient pas du droit de r\u00e9tractation.<\/span><\/p><p style=\"text-align: left;\">Le contrat est donc conclu de fa\u00e7on d\u00e9finitive d\u00e8s la passation de la commande par le Client selon les modalit\u00e9s pr\u00e9cis\u00e9es aux pr\u00e9sentes CGV.<\/p><h4 style=\"text-align: left;\"><span data-section-id=\"29\">ARTICLE 7 &#8211; Donn\u00e9es personnelles<\/span><\/h4><p style=\"text-align: left;\"><span data-option-parent=\"639\">Le Client est inform\u00e9 que la collecte de ses donn\u00e9es \u00e0 caract\u00e8re personnel est n\u00e9cessaire \u00e0 la vente des Services et leur r\u00e9alisation et d\u00e9livrance, confi\u00e9es au Prestataire. Ces donn\u00e9es \u00e0 caract\u00e8re personnel\u00a0sont r\u00e9colt\u00e9es uniquement pour l\u2019ex\u00e9cution du contrat de prestations de services.<\/span><\/p><p style=\"text-align: left;\"><strong><span data-child-id=\"646\">7.1 Collecte des donn\u00e9es \u00e0 caract\u00e8re personnel<\/span><\/strong><\/p><p style=\"text-align: left;\">Les donn\u00e9es \u00e0 caract\u00e8re personnel qui sont collect\u00e9es sur le site <strong><span data-parent=\"363\">https:\/\/www.lesnautilus.fr<\/span><\/strong> sont les suivantes\u00a0:<\/p><p style=\"text-align: left;\"><strong>Commande de Prestations :<\/strong><\/p><p style=\"text-align: left;\">Lors de la commande de Prestations par le Client :<\/p><ul><li style=\"text-align: left;\"><span data-option-parent=\"647\">Noms, pr\u00e9noms, adresse postale, num\u00e9ro de t\u00e9l\u00e9phone et adresse e-mail.<\/span><\/li><\/ul><p style=\"text-align: left;\"><strong><span data-option-parent=\"649\">Paiement<\/span><\/strong><\/p><p style=\"text-align: left;\">Dans le cadre du paiement des Prestations propos\u00e9s sur le site <strong><span data-parent=\"363\">https:\/\/www.lesnautilus.fr<\/span><\/strong> , celui-ci n&rsquo;enregistre pas de donn\u00e9es financi\u00e8res relatives au compte bancaire ou \u00e0 la carte de cr\u00e9dit du Client \/ utilisateur.<\/p><p style=\"text-align: left;\"><strong><span data-child-id=\"650\">7.2 Destinataires des donn\u00e9es \u00e0 caract\u00e8re personnel<\/span><\/strong><\/p><p style=\"text-align: left;\"><span data-option-parent=\"651\">Les donn\u00e9es \u00e0 caract\u00e8re personnel sont r\u00e9serv\u00e9es \u00e0 l\u2019usage unique du Prestataire\u00a0et de ses salari\u00e9s.<\/span><\/p><p style=\"text-align: left;\"><span data-child-id=\"657\">Le responsable de traitement des donn\u00e9es est le Prestataire,\u00a0au sens de la loi Informatique et libert\u00e9s et \u00e0 compter du 25 mai 2018 du R\u00e8glement 2016\/679 sur la protection des donn\u00e9es \u00e0 caract\u00e8re personnel.<\/span><\/p><p style=\"text-align: left;\"><strong><span data-child-id=\"664\">7.3 limitation du traitement<\/span><\/strong><\/p><p style=\"text-align: left;\"><b data-path-to-node=\"4,0\" data-index-in-node=\"0\">Limitation du traitement<\/b> Sauf si le Client exprime son accord expr\u00e8s (case \u00e0 cocher), ses donn\u00e9es \u00e0 caract\u00e8re personnel ne sont pas utilis\u00e9es \u00e0 des fins publicitaires ou marketing. Le Prestataire utilise les donn\u00e9es collect\u00e9es uniquement pour la gestion des r\u00e9servations, l&rsquo;\u00e9mission des billets \u00e9lectroniques et la s\u00e9curit\u00e9 \u00e0 bord des navires.<\/p><p style=\"text-align: left;\"><strong>7.4 Dur\u00e9e de conservation des donn\u00e9es<\/strong><\/p><p data-path-to-node=\"4,1\">Le Prestataire conserve les donn\u00e9es recueillies pour les dur\u00e9es strictement n\u00e9cessaires aux finalit\u00e9s du traitement :<\/p><ul data-path-to-node=\"4,2\"><li><p data-path-to-node=\"4,2,0,0\"><b data-path-to-node=\"4,2,0,0\" data-index-in-node=\"0\">Donn\u00e9es comptables :<\/b> 10 ans (obligation l\u00e9gale).<\/p><\/li><li><p data-path-to-node=\"4,2,1,0\"><b data-path-to-node=\"4,2,1,0\" data-index-in-node=\"0\">Comptes clients :<\/b> 3 ans apr\u00e8s la derni\u00e8re activit\u00e9.<\/p><\/li><li><p data-path-to-node=\"4,2,2,0\"><b data-path-to-node=\"4,2,2,0\" data-index-in-node=\"0\">R\u00e9servations non abouties :<\/b> Supprim\u00e9es automatiquement sous 7 \u00e0 15 jours. Pour plus de d\u00e9tails, le Client est invit\u00e9 \u00e0 consulter la <b data-path-to-node=\"4,2,2,0\" data-index-in-node=\"132\">Politique de Confidentialit\u00e9<\/b> du site.<\/p><\/li><\/ul><p style=\"text-align: left;\"><strong>7.5 S\u00e9curit\u00e9 et confidentialit\u00e9<\/strong><\/p><p style=\"text-align: left;\">Le Prestataire met en \u0153uvre des mesures organisationnelles, techniques, logicielles et physiques en mati\u00e8re de s\u00e9curit\u00e9 du num\u00e9rique pour prot\u00e9ger les donn\u00e9es personnelles contre les alt\u00e9rations, destructions et acc\u00e8s non autoris\u00e9s. Toutefois il est \u00e0 signaler qu\u2019Internet n\u2019est pas un environnement compl\u00e8tement s\u00e9curis\u00e9 et le Prestataire ne peut garantir la s\u00e9curit\u00e9 de la transmission ou du stockage des informations sur Internet.<\/p><p style=\"text-align: left;\"><strong>7.6 Mise en \u0153uvre des droits des Clients et utilisateurs<\/strong><\/p><p style=\"text-align: left;\">En application de la r\u00e8glementation applicable aux donn\u00e9es \u00e0 caract\u00e8re personnel, les Clients et utilisateurs du site <strong><span data-parent=\"363\">https:\/\/www.lesnautilus.fr<\/span><\/strong> disposent des droits suivants\u00a0:<\/p><ul><li style=\"text-align: left;\">Ils peuvent mettre \u00e0 jour ou supprimer les donn\u00e9es qui les concernent de la mani\u00e8re suivante: <strong>par courrier postal ou par email.<\/strong> .<\/li><li style=\"text-align: left;\">Ils peuvent supprimer leur compte en \u00e9crivant \u00e0 l\u2019adresse \u00e9lectronique indiqu\u00e9 \u00e0 l\u2019article 9.3 \u00ab\u00a0Responsable de traitement\u00a0\u00bb<\/li><\/ul><ul><li style=\"text-align: left;\">Ils peuvent exercer leur droit d\u2019acc\u00e8s pour conna\u00eetre les donn\u00e9es personnelles les concernant en \u00e9crivant \u00e0 l\u2019adresse indiqu\u00e9 \u00e0 l\u2019article 9.3 \u00ab\u00a0Responsable de traitement\u00a0\u00bb<\/li><\/ul><ul><li style=\"text-align: left;\">Si les donn\u00e9es \u00e0 caract\u00e8re personnel d\u00e9tenues par le Prestataire\u00a0sont inexactes, ils peuvent demander la mise \u00e0 jour des informations des informations en \u00e9crivant \u00e0 l\u2019adresse indiqu\u00e9 \u00e0 l\u2019article 9.3 \u00ab\u00a0Responsable de traitement\u00a0\u00bb<\/li><\/ul><ul><li style=\"text-align: left;\">Ils peuvent demander la suppression de leurs donn\u00e9es \u00e0 caract\u00e8re personnel, conform\u00e9ment aux lois applicables en mati\u00e8re de protection des donn\u00e9es en \u00e9crivant \u00e0 l\u2019adresse indiqu\u00e9 \u00e0 l\u2019article 9.3 \u00ab\u00a0Responsable de traitement\u00a0\u00bb<\/li><\/ul><ul><li style=\"text-align: left;\">Ils\u00a0peuvent \u00e9galement solliciter la portabilit\u00e9 des donn\u00e9es d\u00e9tenues par le Prestataire vers un autre prestataire<\/li><\/ul><ul><li style=\"text-align: left;\">Enfin, ils\u00a0peuvent s\u2019opposer au traitement de leurs donn\u00e9es par le Prestataire<\/li><\/ul><p style=\"text-align: left;\">Ces droits, d\u00e8s lors qu\u2019ils ne s\u2019opposent pas \u00e0 la finalit\u00e9 du traitement, peuvent \u00eatre exerc\u00e9 en adressant une demande par courrier ou par E-mail au Responsable de traitement dont les coordonn\u00e9es sont indiqu\u00e9es ci-dessus.<\/p><p style=\"text-align: left;\">Le responsable de traitement doit apporter une r\u00e9ponse dans un d\u00e9lai maximum d\u2019un mois.<\/p><p style=\"text-align: left;\">En cas de refus de faire droit \u00e0 la demande du Client, celui-ci doit \u00eatre motiv\u00e9.<\/p><p style=\"text-align: left;\">Le Client est inform\u00e9 qu\u2019en cas de refus, il peut introduire une r\u00e9clamation aupr\u00e8s de la CNIL (3 place de Fontenoy, 75007 PARIS) ou saisir une autorit\u00e9 judiciaire.<\/p><p style=\"text-align: left;\">Le Client peut \u00eatre invit\u00e9 \u00e0 cocher une case au titre de laquelle il accepte de recevoir des mails \u00e0 caract\u00e8re informatifs et publicitaires de la part du Prestataire. Il aura toujours la possibilit\u00e9 de retirer son accord \u00e0 tout moment en contactant le Prestataire (coordonn\u00e9es ci-dessus) ou en suivant le lien de d\u00e9sabonnement.<\/p><h4 style=\"text-align: left;\"><span data-section-id=\"30\">ARTICLE 8 &#8211; Propri\u00e9t\u00e9 intellectuelle<\/span><\/h4><p style=\"text-align: left;\">Le contenu du site <strong><span data-parent=\"363\">https:\/\/www.lesnautilus.fr<\/span><\/strong> \u00a0est la propri\u00e9t\u00e9 du Vendeur et de ses partenaires et est prot\u00e9g\u00e9 par les lois fran\u00e7aises et internationales relatives \u00e0 la propri\u00e9t\u00e9 intellectuelle.<\/p><p style=\"text-align: left;\">Toute reproduction totale ou partielle de ce contenu est strictement interdite et est susceptible de constituer un d\u00e9lit de contrefa\u00e7on.<\/p><h4 style=\"text-align: left;\">ARTICLE 9 &#8211; Droit applicable &#8211; Langue<\/h4><p style=\"text-align: left;\">Les pr\u00e9sentes CGV et les op\u00e9rations qui en d\u00e9coulent sont r\u00e9gies et soumises au droit fran\u00e7ais.<\/p><p style=\"text-align: left;\">Les pr\u00e9sentes CGV sont r\u00e9dig\u00e9es en langue fran\u00e7aise. Dans le cas o\u00f9 elles seraient traduites en une ou plusieurs langues \u00e9trang\u00e8res, seul le texte fran\u00e7ais ferait foi en cas de litige.<\/p><h4 style=\"text-align: left;\"><span data-child-id=\"580\">ARTICLE 10 &#8211; Litiges<\/span><\/h4><p style=\"text-align: left;\">Pour toute r\u00e9clamation merci de contacter le service client\u00e8le \u00e0 l\u2019adresse postale ou mail du Prestataire indiqu\u00e9e \u00e0 l\u2019ARTICLE 1 des pr\u00e9sentes CGV.<\/p>\t\t\t\t\t\t\t\t<\/div>\n\t\t\t\t\t<\/div>\n\t\t<\/div>\n\t\t\t\t\t<\/div>\n\t\t<\/section>\n\t\t\t\t<\/div>\n\t\t","protected":false},"excerpt":{"rendered":"<p>\u00a0 CONDITIONS GENERALES DE VENTE \u2013 LES NAUTILUS En vigueur au 10\/12\/2018 ARTICLE 1 &#8211; Champ d&rsquo;application Les pr\u00e9sentes Conditions G\u00e9n\u00e9rales de Vente (dites \u00ab\u00a0CGV\u00a0\u00bb) s&rsquo;appliquent, sans restriction ni r\u00e9serve \u00e0 tout achat des services de suivants : Visite des fonds sous marins des \u00eelets Pigeons en Guadeloupe tels que propos\u00e9s par le Prestataire aux [&hellip;]<\/p>\n","protected":false},"author":1,"featured_media":0,"parent":0,"menu_order":0,"comment_status":"closed","ping_status":"closed","template":"","meta":{"ocean_post_layout":"","ocean_both_sidebars_style":"","ocean_both_sidebars_content_width":0,"ocean_both_sidebars_sidebars_width":0,"ocean_sidebar":"","ocean_second_sidebar":"","ocean_disable_margins":"enable","ocean_add_body_class":"","ocean_shortcode_before_top_bar":"","ocean_shortcode_after_top_bar":"","ocean_shortcode_before_header":"","ocean_shortcode_after_header":"","ocean_has_shortcode":"","ocean_shortcode_after_title":"","ocean_shortcode_before_footer_widgets":"","ocean_shortcode_after_footer_widgets":"","ocean_shortcode_before_footer_bottom":"","ocean_shortcode_after_footer_bottom":"","ocean_display_top_bar":"default","ocean_display_header":"default","ocean_header_style":"","ocean_center_header_left_menu":"","ocean_custom_header_template":"","ocean_custom_logo":0,"ocean_custom_retina_logo":0,"ocean_custom_logo_max_width":0,"ocean_custom_logo_tablet_max_width":0,"ocean_custom_logo_mobile_max_width":0,"ocean_custom_logo_max_height":0,"ocean_custom_logo_tablet_max_height":0,"ocean_custom_logo_mobile_max_height":0,"ocean_header_custom_menu":"","ocean_menu_typo_font_family":"","ocean_menu_typo_font_subset":"","ocean_menu_typo_font_size":0,"ocean_menu_typo_font_size_tablet":0,"ocean_menu_typo_font_size_mobile":0,"ocean_menu_typo_font_size_unit":"px","ocean_menu_typo_font_weight":"","ocean_menu_typo_font_weight_tablet":"","ocean_menu_typo_font_weight_mobile":"","ocean_menu_typo_transform":"","ocean_menu_typo_transform_tablet":"","ocean_menu_typo_transform_mobile":"","ocean_menu_typo_line_height":0,"ocean_menu_typo_line_height_tablet":0,"ocean_menu_typo_line_height_mobile":0,"ocean_menu_typo_line_height_unit":"","ocean_menu_typo_spacing":0,"ocean_menu_typo_spacing_tablet":0,"ocean_menu_typo_spacing_mobile":0,"ocean_menu_typo_spacing_unit":"","ocean_menu_link_color":"","ocean_menu_link_color_hover":"","ocean_menu_link_color_active":"","ocean_menu_link_background":"","ocean_menu_link_hover_background":"","ocean_menu_link_active_background":"","ocean_menu_social_links_bg":"","ocean_menu_social_hover_links_bg":"","ocean_menu_social_links_color":"","ocean_menu_social_hover_links_color":"","ocean_disable_title":"default","ocean_disable_heading":"default","ocean_post_title":"","ocean_post_subheading":"","ocean_post_title_style":"","ocean_post_title_background_color":"","ocean_post_title_background":0,"ocean_post_title_bg_image_position":"","ocean_post_title_bg_image_attachment":"","ocean_post_title_bg_image_repeat":"","ocean_post_title_bg_image_size":"","ocean_post_title_height":0,"ocean_post_title_bg_overlay":0.5,"ocean_post_title_bg_overlay_color":"","ocean_disable_breadcrumbs":"default","ocean_breadcrumbs_color":"","ocean_breadcrumbs_separator_color":"","ocean_breadcrumbs_links_color":"","ocean_breadcrumbs_links_hover_color":"","ocean_display_footer_widgets":"default","ocean_display_footer_bottom":"default","ocean_custom_footer_template":"","ofc_enable_fullscreen":"disable","ofc_fullscreen_speed":0,"ofc_fullscreen_nav":"enable","ofc_fullscreen_nav_pos":"right","ofc_fullscreen_nav_color":"","ofc_fullscreen_nav_tooltip_color":"","ofc_fullscreen_responsive":0,"osh_disable_topbar_sticky":"default","osh_disable_header_sticky":"default","osh_sticky_header_style":"default","osh_sticky_header_effect":"","osh_custom_sticky_logo":0,"osh_custom_retina_sticky_logo":0,"osh_custom_sticky_logo_height":0,"osh_background_color":"","osh_links_color":"","osh_links_hover_color":"","osh_links_active_color":"","osh_links_bg_color":"","osh_links_hover_bg_color":"","osh_links_active_bg_color":"","osh_menu_social_links_color":"","osh_menu_social_hover_links_color":"","footnotes":""},"class_list":["post-22493","page","type-page","status-publish","hentry","entry","owp-thumbs-layout-horizontal","owp-btn-normal","owp-tabs-layout-horizontal","has-no-thumbnails"],"_links":{"self":[{"href":"https:\/\/www.lesnautilus.fr\/wp-json\/wp\/v2\/pages\/22493","targetHints":{"allow":["GET"]}}],"collection":[{"href":"https:\/\/www.lesnautilus.fr\/wp-json\/wp\/v2\/pages"}],"about":[{"href":"https:\/\/www.lesnautilus.fr\/wp-json\/wp\/v2\/types\/page"}],"author":[{"embeddable":true,"href":"https:\/\/www.lesnautilus.fr\/wp-json\/wp\/v2\/users\/1"}],"replies":[{"embeddable":true,"href":"https:\/\/www.lesnautilus.fr\/wp-json\/wp\/v2\/comments?post=22493"}],"version-history":[{"count":0,"href":"https:\/\/www.lesnautilus.fr\/wp-json\/wp\/v2\/pages\/22493\/revisions"}],"wp:attachment":[{"href":"https:\/\/www.lesnautilus.fr\/wp-json\/wp\/v2\/media?parent=22493"}],"curies":[{"name":"wp","href":"https:\/\/api.w.org\/{rel}","templated":true}]}}